{"id":1773,"date":"2019-12-12T08:27:46","date_gmt":"2019-12-12T08:27:46","guid":{"rendered":"http:\/\/cerato2.wp1.zootemplate.com\/?page_id=1773"},"modified":"2021-05-27T22:04:46","modified_gmt":"2021-05-27T22:04:46","slug":"about-2","status":"publish","type":"page","link":"https:\/\/metalcats.com.mx\/wp2\/about-2\/","title":{"rendered":"Acerca de"},"content":{"rendered":"\t\t<div data-elementor-type=\"wp-page\" data-elementor-id=\"1773\" class=\"elementor elementor-1773\" data-elementor-settings=\"[]\">\n\t\t\t\t\t\t\t<div class=\"elementor-section-wrap\">\n\t\t\t\t\t\t\t<section class=\"elementor-section elementor-top-section elementor-element elementor-element-ebdcd1e elementor-section-boxed elementor-section-height-default elementor-section-height-default\" data-id=\"ebdcd1e\" data-element_type=\"section\">\n\t\t\t\t\t\t<div class=\"elementor-container elementor-column-gap-default\">\n\t\t\t\t\t<div class=\"elementor-column elementor-col-50 elementor-top-column elementor-element elementor-element-850f072\" data-id=\"850f072\" data-element_type=\"column\">\n\t\t\t<div class=\"elementor-widget-wrap elementor-element-populated\">\n\t\t\t\t\t\t\t\t<div class=\"elementor-element elementor-element-f5a7a9c elementor-widget elementor-widget-heading\" data-id=\"f5a7a9c\" data-element_type=\"widget\" data-widget_type=\"heading.default\">\n\t\t\t\t<div class=\"elementor-widget-container\">\n\t\t\t<h2 class=\"elementor-heading-title elementor-size-default\">MISI\u00d3N<\/h2>\t\t<\/div>\n\t\t\t\t<\/div>\n\t\t\t\t<div class=\"elementor-element elementor-element-eb6a94c elementor-widget elementor-widget-text-editor\" data-id=\"eb6a94c\" data-element_type=\"widget\" data-widget_type=\"text-editor.default\">\n\t\t\t\t<div class=\"elementor-widget-container\">\n\t\t\t\t\t\t\t<p>Comercializar\u00a0 \u00a0productos de\u00a0 calidad\u00a0 que\u00a0 aseguren el fortalecimiento de la empresa\u00a0 como l\u00edder\u00a0 en el\u00a0 ramo, \u00a0\u00a0\u00a0mediante\u00a0 un compromiso\u00a0 de responsabilidad, honestidad y calidad\u00a0 en el servicio hacia\u00a0 nuestros\u00a0 clientes, promoviendo\u00a0 el desarrollo\u00a0 y crecimiento\u00a0 de su personal. \u00a0<\/p>\t\t\t\t\t\t<\/div>\n\t\t\t\t<\/div>\n\t\t\t\t\t<\/div>\n\t\t<\/div>\n\t\t\t\t<div class=\"elementor-column elementor-col-50 elementor-top-column elementor-element elementor-element-96544df\" data-id=\"96544df\" data-element_type=\"column\">\n\t\t\t<div class=\"elementor-widget-wrap elementor-element-populated\">\n\t\t\t\t\t\t\t\t<div class=\"elementor-element elementor-element-7c90d83 elementor-widget elementor-widget-heading\" data-id=\"7c90d83\" data-element_type=\"widget\" data-widget_type=\"heading.default\">\n\t\t\t\t<div class=\"elementor-widget-container\">\n\t\t\t<h2 class=\"elementor-heading-title elementor-size-default\">VISI\u00d3N <\/h2>\t\t<\/div>\n\t\t\t\t<\/div>\n\t\t\t\t<div class=\"elementor-element elementor-element-cb2b36b elementor-widget elementor-widget-text-editor\" data-id=\"cb2b36b\" data-element_type=\"widget\" data-widget_type=\"text-editor.default\">\n\t\t\t\t<div class=\"elementor-widget-container\">\n\t\t\t\t\t\t\t<p>Ser una\u00a0 empresa\u00a0 consolidada\u00a0 en el\u00a0 mercado, con amplia apertura a la\u00a0 modernizaci\u00f3n y avances tecnol\u00f3gicos que ayude a promover nuestros productos en otras \u00e1reas geogr\u00e1ficas sin perder\u00a0 de vista \u00a0\u00a0\u00a0su excelencia\u00a0 en el servicio y el concepto actual de la instituci\u00f3n.<\/p>\t\t\t\t\t\t<\/div>\n\t\t\t\t<\/div>\n\t\t\t\t\t<\/div>\n\t\t<\/div>\n\t\t\t\t\t\t\t<\/div>\n\t\t<\/section>\n\t\t\t\t<section class=\"elementor-section elementor-top-section elementor-element elementor-element-7d80c8f elementor-section-boxed elementor-section-height-default elementor-section-height-default\" data-id=\"7d80c8f\" data-element_type=\"section\">\n\t\t\t\t\t\t<div class=\"elementor-container elementor-column-gap-default\">\n\t\t\t\t\t<div class=\"elementor-column elementor-col-100 elementor-top-column elementor-element elementor-element-ea38f31\" data-id=\"ea38f31\" data-element_type=\"column\">\n\t\t\t<div class=\"elementor-widget-wrap elementor-element-populated\">\n\t\t\t\t\t\t\t\t<div class=\"elementor-element elementor-element-2ca6c97 elementor-widget elementor-widget-heading\" data-id=\"2ca6c97\" data-element_type=\"widget\" data-widget_type=\"heading.default\">\n\t\t\t\t<div class=\"elementor-widget-container\">\n\t\t\t<h2 class=\"elementor-heading-title elementor-size-default\">\u00bfQUIEN ES METAL CATS?<\/h2>\t\t<\/div>\n\t\t\t\t<\/div>\n\t\t\t\t<div class=\"elementor-element elementor-element-3559dd4 elementor-widget elementor-widget-text-editor\" data-id=\"3559dd4\" data-element_type=\"widget\" data-widget_type=\"text-editor.default\">\n\t\t\t\t<div class=\"elementor-widget-container\">\n\t\t\t\t\t\t\t<p>Metal Cats se distingue por ser una empresa creada con un esfuerzo familiar, fundada en 1998; Cuando se inici\u00f3 este proyecto se contaba con una m\u00ednima inversi\u00f3n en mercanc\u00eda y tan solo unas mesas para ofrecer el producto en la calle de Argentina , posteriormente a base de un trabajo continuo se adquiri\u00f3 un local y fue as\u00ed como poco a poco y con el apoyo de un solo colaborador se logr\u00f3 entrar al negocio de la comercializaci\u00f3n de plata.<br \/>M\u00e1s tarde en la b\u00fasqueda de nuevas \u00e1reas de venta se opt\u00f3 por ingresar al mercado de la plata tambi\u00e9n en Taxco y Guadalajara.<\/p>\t\t\t\t\t\t<\/div>\n\t\t\t\t<\/div>\n\t\t\t\t\t<\/div>\n\t\t<\/div>\n\t\t\t\t\t\t\t<\/div>\n\t\t<\/section>\n\t\t\t\t<section class=\"elementor-section elementor-top-section elementor-element elementor-element-1f8b37a elementor-section-boxed elementor-section-height-default elementor-section-height-default\" data-id=\"1f8b37a\" data-element_type=\"section\">\n\t\t\t\t\t\t<div class=\"elementor-container elementor-column-gap-default\">\n\t\t\t\t\t<div class=\"elementor-column elementor-col-33 elementor-top-column elementor-element elementor-element-178283f\" data-id=\"178283f\" data-element_type=\"column\">\n\t\t\t<div class=\"elementor-widget-wrap elementor-element-populated\">\n\t\t\t\t\t\t\t\t<div class=\"elementor-element elementor-element-5becab2 elementor-widget elementor-widget-image\" data-id=\"5becab2\" data-element_type=\"widget\" data-widget_type=\"image.default\">\n\t\t\t\t<div class=\"elementor-widget-container\">\n\t\t\t\t\t\t\t\t\t\t\t\t\t\t\t<img loading=\"lazy\" decoding=\"async\" width=\"992\" height=\"992\" src=\"https:\/\/metalcats.com.mx\/wp2\/wp-content\/uploads\/2021\/05\/foto-face3-1024x1024.jpg\" class=\"attachment-large size-large\" alt=\"\" srcset=\"https:\/\/metalcats.com.mx\/wp2\/wp-content\/uploads\/2021\/05\/foto-face3-1024x1024.jpg 1024w, https:\/\/metalcats.com.mx\/wp2\/wp-content\/uploads\/2021\/05\/foto-face3-300x300.jpg 300w, https:\/\/metalcats.com.mx\/wp2\/wp-content\/uploads\/2021\/05\/foto-face3-150x150.jpg 150w, https:\/\/metalcats.com.mx\/wp2\/wp-content\/uploads\/2021\/05\/foto-face3-768x768.jpg 768w, https:\/\/metalcats.com.mx\/wp2\/wp-content\/uploads\/2021\/05\/foto-face3-450x450.jpg 450w, https:\/\/metalcats.com.mx\/wp2\/wp-content\/uploads\/2021\/05\/foto-face3-120x120.jpg 120w, https:\/\/metalcats.com.mx\/wp2\/wp-content\/uploads\/2021\/05\/foto-face3-800x800.jpg 800w, https:\/\/metalcats.com.mx\/wp2\/wp-content\/uploads\/2021\/05\/foto-face3.jpg 1080w\" sizes=\"auto, (max-width: 992px) 100vw, 992px\" \/>\t\t\t\t\t\t\t\t\t\t\t\t\t\t\t<\/div>\n\t\t\t\t<\/div>\n\t\t\t\t\t<\/div>\n\t\t<\/div>\n\t\t\t\t<div class=\"elementor-column elementor-col-33 elementor-top-column elementor-element elementor-element-656876d\" data-id=\"656876d\" data-element_type=\"column\">\n\t\t\t<div class=\"elementor-widget-wrap elementor-element-populated\">\n\t\t\t\t\t\t\t\t<div class=\"elementor-element elementor-element-470eb5b elementor-widget elementor-widget-image\" data-id=\"470eb5b\" data-element_type=\"widget\" data-widget_type=\"image.default\">\n\t\t\t\t<div class=\"elementor-widget-container\">\n\t\t\t\t\t\t\t\t\t\t\t\t\t\t\t<img loading=\"lazy\" decoding=\"async\" width=\"992\" height=\"992\" src=\"https:\/\/metalcats.com.mx\/wp2\/wp-content\/uploads\/2021\/05\/foto-face2-1024x1024.jpg\" class=\"attachment-large size-large\" alt=\"\" srcset=\"https:\/\/metalcats.com.mx\/wp2\/wp-content\/uploads\/2021\/05\/foto-face2-1024x1024.jpg 1024w, https:\/\/metalcats.com.mx\/wp2\/wp-content\/uploads\/2021\/05\/foto-face2-300x300.jpg 300w, https:\/\/metalcats.com.mx\/wp2\/wp-content\/uploads\/2021\/05\/foto-face2-150x150.jpg 150w, https:\/\/metalcats.com.mx\/wp2\/wp-content\/uploads\/2021\/05\/foto-face2-768x768.jpg 768w, https:\/\/metalcats.com.mx\/wp2\/wp-content\/uploads\/2021\/05\/foto-face2-450x450.jpg 450w, https:\/\/metalcats.com.mx\/wp2\/wp-content\/uploads\/2021\/05\/foto-face2-120x120.jpg 120w, https:\/\/metalcats.com.mx\/wp2\/wp-content\/uploads\/2021\/05\/foto-face2-800x800.jpg 800w, https:\/\/metalcats.com.mx\/wp2\/wp-content\/uploads\/2021\/05\/foto-face2.jpg 1080w\" sizes=\"auto, (max-width: 992px) 100vw, 992px\" \/>\t\t\t\t\t\t\t\t\t\t\t\t\t\t\t<\/div>\n\t\t\t\t<\/div>\n\t\t\t\t\t<\/div>\n\t\t<\/div>\n\t\t\t\t<div class=\"elementor-column elementor-col-33 elementor-top-column elementor-element elementor-element-a880efb\" data-id=\"a880efb\" data-element_type=\"column\">\n\t\t\t<div class=\"elementor-widget-wrap elementor-element-populated\">\n\t\t\t\t\t\t\t\t<div class=\"elementor-element elementor-element-7b494c8 elementor-widget elementor-widget-image\" data-id=\"7b494c8\" data-element_type=\"widget\" data-widget_type=\"image.default\">\n\t\t\t\t<div class=\"elementor-widget-container\">\n\t\t\t\t\t\t\t\t\t\t\t\t\t\t\t<img loading=\"lazy\" decoding=\"async\" width=\"992\" height=\"992\" src=\"https:\/\/metalcats.com.mx\/wp2\/wp-content\/uploads\/2021\/05\/foto-face4-1024x1024.jpg\" class=\"attachment-large size-large\" alt=\"\" srcset=\"https:\/\/metalcats.com.mx\/wp2\/wp-content\/uploads\/2021\/05\/foto-face4-1024x1024.jpg 1024w, https:\/\/metalcats.com.mx\/wp2\/wp-content\/uploads\/2021\/05\/foto-face4-300x300.jpg 300w, https:\/\/metalcats.com.mx\/wp2\/wp-content\/uploads\/2021\/05\/foto-face4-150x150.jpg 150w, https:\/\/metalcats.com.mx\/wp2\/wp-content\/uploads\/2021\/05\/foto-face4-768x768.jpg 768w, https:\/\/metalcats.com.mx\/wp2\/wp-content\/uploads\/2021\/05\/foto-face4-1536x1536.jpg 1536w, https:\/\/metalcats.com.mx\/wp2\/wp-content\/uploads\/2021\/05\/foto-face4-450x450.jpg 450w, https:\/\/metalcats.com.mx\/wp2\/wp-content\/uploads\/2021\/05\/foto-face4-120x120.jpg 120w, https:\/\/metalcats.com.mx\/wp2\/wp-content\/uploads\/2021\/05\/foto-face4-800x800.jpg 800w, https:\/\/metalcats.com.mx\/wp2\/wp-content\/uploads\/2021\/05\/foto-face4.jpg 2000w\" sizes=\"auto, (max-width: 992px) 100vw, 992px\" \/>\t\t\t\t\t\t\t\t\t\t\t\t\t\t\t<\/div>\n\t\t\t\t<\/div>\n\t\t\t\t\t<\/div>\n\t\t<\/div>\n\t\t\t\t\t\t\t<\/div>\n\t\t<\/section>\n\t\t\t\t<section class=\"elementor-section elementor-top-section elementor-element elementor-element-d2f1456 elementor-section-boxed elementor-section-height-default elementor-section-height-default\" data-id=\"d2f1456\" data-element_type=\"section\">\n\t\t\t\t\t\t<div class=\"elementor-container elementor-column-gap-default\">\n\t\t\t\t\t<div class=\"elementor-column elementor-col-100 elementor-top-column elementor-element elementor-element-29c9f7a\" data-id=\"29c9f7a\" data-element_type=\"column\">\n\t\t\t<div class=\"elementor-widget-wrap elementor-element-populated\">\n\t\t\t\t\t\t\t\t<div class=\"elementor-element elementor-element-5982854 elementor-widget elementor-widget-heading\" data-id=\"5982854\" data-element_type=\"widget\" data-widget_type=\"heading.default\">\n\t\t\t\t<div class=\"elementor-widget-container\">\n\t\t\t<h2 class=\"elementor-heading-title elementor-size-default\">LOCALES<\/h2>\t\t<\/div>\n\t\t\t\t<\/div>\n\t\t\t\t<div class=\"elementor-element elementor-element-249da2a elementor-widget elementor-widget-text-editor\" data-id=\"249da2a\" data-element_type=\"widget\" data-widget_type=\"text-editor.default\">\n\t\t\t\t<div class=\"elementor-widget-container\">\n\t\t\t\t\t\t\t<p>Actualmente se cuenta con dos locales, uno destinado exclusivamente a la venta de plata y el otro adem\u00e1s de la plata tambi\u00e9n ofrece el acero.<\/p>\t\t\t\t\t\t<\/div>\n\t\t\t\t<\/div>\n\t\t\t\t\t<\/div>\n\t\t<\/div>\n\t\t\t\t\t\t\t<\/div>\n\t\t<\/section>\n\t\t\t\t<section class=\"elementor-section elementor-top-section elementor-element elementor-element-9b40d5c elementor-section-boxed elementor-section-height-default elementor-section-height-default\" data-id=\"9b40d5c\" data-element_type=\"section\">\n\t\t\t\t\t\t<div class=\"elementor-container elementor-column-gap-default\">\n\t\t\t\t\t<div class=\"elementor-column elementor-col-100 elementor-top-column elementor-element elementor-element-740e7d9\" data-id=\"740e7d9\" data-element_type=\"column\">\n\t\t\t<div class=\"elementor-widget-wrap elementor-element-populated\">\n\t\t\t\t\t\t\t\t<div class=\"elementor-element elementor-element-263b719 elementor-widget elementor-widget-heading\" data-id=\"263b719\" data-element_type=\"widget\" data-widget_type=\"heading.default\">\n\t\t\t\t<div class=\"elementor-widget-container\">\n\t\t\t<h2 class=\"elementor-heading-title elementor-size-default\">BODEGA DE MERCANC\u00cdA<\/h2>\t\t<\/div>\n\t\t\t\t<\/div>\n\t\t\t\t<div class=\"elementor-element elementor-element-aeb035f elementor-widget elementor-widget-text-editor\" data-id=\"aeb035f\" data-element_type=\"widget\" data-widget_type=\"text-editor.default\">\n\t\t\t\t<div class=\"elementor-widget-container\">\n\t\t\t\t\t\t\t<p>La atenci\u00f3n a mayoristas y el manejo de una bodega de mercanc\u00eda es una de las actividades que le han dado un impulso relevante al crecimiento de la empresa, sustentado en un inter\u00e9s particular por generar un ambiente de confianza, calidad y servicio personalizado a sus clientes.<\/p>\t\t\t\t\t\t<\/div>\n\t\t\t\t<\/div>\n\t\t\t\t\t<\/div>\n\t\t<\/div>\n\t\t\t\t\t\t\t<\/div>\n\t\t<\/section>\n\t\t\t\t\t\t<\/div>\n\t\t\t\t\t<\/div>\n\t\t","protected":false},"excerpt":{"rendered":"<p>MISI\u00d3N Comercializar\u00a0 \u00a0productos de\u00a0 calidad\u00a0 que\u00a0 aseguren el fortalecimiento de la empresa\u00a0 como l\u00edder\u00a0 en el\u00a0 ramo, \u00a0\u00a0\u00a0mediante\u00a0 un compromiso\u00a0 de responsabilidad, honestidad y calidad\u00a0 en el servicio hacia\u00a0 nuestros\u00a0&#8230;<\/p>\n","protected":false},"author":1,"featured_media":0,"parent":0,"menu_order":0,"comment_status":"closed","ping_status":"closed","template":"","meta":{"footnotes":""},"class_list":["post-1773","page","type-page","status-publish","hentry"],"_links":{"self":[{"href":"https:\/\/metalcats.com.mx\/wp2\/wp-json\/wp\/v2\/pages\/1773","targetHints":{"allow":["GET"]}}],"collection":[{"href":"https:\/\/metalcats.com.mx\/wp2\/wp-json\/wp\/v2\/pages"}],"about":[{"href":"https:\/\/metalcats.com.mx\/wp2\/wp-json\/wp\/v2\/types\/page"}],"author":[{"embeddable":true,"href":"https:\/\/metalcats.com.mx\/wp2\/wp-json\/wp\/v2\/users\/1"}],"replies":[{"embeddable":true,"href":"https:\/\/metalcats.com.mx\/wp2\/wp-json\/wp\/v2\/comments?post=1773"}],"version-history":[{"count":17,"href":"https:\/\/metalcats.com.mx\/wp2\/wp-json\/wp\/v2\/pages\/1773\/revisions"}],"predecessor-version":[{"id":10218,"href":"https:\/\/metalcats.com.mx\/wp2\/wp-json\/wp\/v2\/pages\/1773\/revisions\/10218"}],"wp:attachment":[{"href":"https:\/\/metalcats.com.mx\/wp2\/wp-json\/wp\/v2\/media?parent=1773"}],"curies":[{"name":"wp","href":"https:\/\/api.w.org\/{rel}","templated":true}]}}